{"id":2,"date":"2026-03-31T21:02:18","date_gmt":"2026-03-31T21:02:18","guid":{"rendered":"https:\/\/formacionentrabajosocial.es\/?page_id=2"},"modified":"2026-04-09T20:03:12","modified_gmt":"2026-04-09T20:03:12","slug":"sample-page","status":"publish","type":"page","link":"https:\/\/formacionentrabajosocial.es\/?page_id=2","title":{"rendered":""},"content":{"rendered":"\n<p><\/p>\n\n\n\n<h2 class=\"wp-block-heading\">Prevenci\u00f3n del suicidio y conductas autol\u00edticas<\/h2>\n\n\n\n<p>Este <strong>Curso de Intervenci\u00f3n Psicosocial para la Prevenci\u00f3n del Suicidio y Conductas Autol\u00edticas para Trabajadores\/as Sociales<\/strong>, con una duraci\u00f3n total de 80 horas, ofrece una especializaci\u00f3n t\u00e9cnica esencial para abordar una de las realidades m\u00e1s complejas del entorno social actual. A trav\u00e9s de este programa, los profesionales adquirir\u00e1n las herramientas metodol\u00f3gicas y habilidades cr\u00edticas necesarias para la detecci\u00f3n temprana, la gesti\u00f3n de crisis y el acompa\u00f1amiento integral, garantizando una respuesta humana y efectiva ante situaciones de riesgo autol\u00edtico.<\/p>\n\n\n\n<div class=\"wp-block-media-text is-stacked-on-mobile\"><figure class=\"wp-block-media-text__media\"><img loading=\"lazy\" decoding=\"async\" width=\"1024\" height=\"718\" src=\"https:\/\/formacionentrabajosocial.es\/wp-content\/uploads\/2026\/04\/Heading-2-1024x718.png\" alt=\"\" class=\"wp-image-65 size-full\" srcset=\"https:\/\/formacionentrabajosocial.es\/wp-content\/uploads\/2026\/04\/Heading-2-1024x718.png 1024w, https:\/\/formacionentrabajosocial.es\/wp-content\/uploads\/2026\/04\/Heading-2-300x210.png 300w, https:\/\/formacionentrabajosocial.es\/wp-content\/uploads\/2026\/04\/Heading-2-768x539.png 768w, https:\/\/formacionentrabajosocial.es\/wp-content\/uploads\/2026\/04\/Heading-2-1536x1078.png 1536w, https:\/\/formacionentrabajosocial.es\/wp-content\/uploads\/2026\/04\/Heading-2.png 2000w\" sizes=\"auto, (max-width: 1024px) 100vw, 1024px\" \/><\/figure><div class=\"wp-block-media-text__content\">\n<p><strong>Objetivos: <\/strong><\/p>\n\n\n\n<p>Capacitar a Trabajadoras\/es Sociales con herramientas para la prevenci\u00f3n del suicidio y conductas de autolesi\u00f3n.<\/p>\n\n\n\n<p>Dotar a Trabajadores\/as Sociales con modelos para la intervenci\u00f3n ante suicidios y conductas de autolesi\u00f3n.<\/p>\n\n\n\n<p>Dotar a Trabajadores\/as Sociales de herramientas para ayudar a familiares y allegados de personas con conductas de autolesi\u00f3n o que han terminado con su vida.<\/p>\n<\/div><\/div>\n\n\n\n<blockquote class=\"wp-block-quote is-layout-flow wp-block-quote-is-layout-flow\">\n<p><\/p>\n<\/blockquote>\n\n\n\n<h2 class=\"wp-block-heading\">Contenido del curso: <\/h2>\n\n\n\n<ul class=\"wp-block-list\">\n<li>Epidemiolog\u00eda del suicidio.\n<ul class=\"wp-block-list\">\n<li>Definiciones (ideaci\u00f3n, intento, consumaci\u00f3n). Estad\u00edsticas (tasas, grupos de riesgo, tendencias). Identificaci\u00f3n y desmontaje de mitos sobre el suicidio.<\/li>\n<\/ul>\n<\/li>\n\n\n\n<li>Factores de Riesgo, Factores Protectores y Evaluaci\u00f3n.\n<ul class=\"wp-block-list\">\n<li>Factores de riesgo (individuales, familiares, sociales, ambientales). Factores protectores. Modelos de evaluaci\u00f3n de riesgo suicida (escalas y entrevistas)<\/li>\n<\/ul>\n<\/li>\n\n\n\n<li>Modelos de Comunicaci\u00f3n Emp\u00e1tica y Habilidades de Escucha Activa.\n<ul class=\"wp-block-list\">\n<li>Comunicaci\u00f3n no verbal. Escucha activa y validaci\u00f3n emocional. C\u00f3mo preguntar sobre el suicidio (gu\u00edas y frases clave).<\/li>\n<\/ul>\n<\/li>\n\n\n\n<li>El Marco Legal y las Dificultades de Intervenci\u00f3n\n<ul class=\"wp-block-list\">\n<li>Aspectos \u00e9ticos y de confidencialidad. Legislaci\u00f3n aplicable y responsabilidades del trabajador\/a social. Manejo de la resistencia y de las<br>dificultades emocionales del profesional.<\/li>\n<\/ul>\n<\/li>\n\n\n\n<li>Conductas de Autolesi\u00f3n No Suicida\n<ul class=\"wp-block-list\">\n<li>Definici\u00f3n y distinci\u00f3n respecto del intento de suicidio. Motivaciones subyacentes y funciones de las conductas autol\u00edticas. Estrategias de reducci\u00f3n de da\u00f1o e intervenci\u00f3n.<\/li>\n<\/ul>\n<\/li>\n\n\n\n<li>Herramientas de Intervenci\u00f3n para la Crisis Suicida. \n<ul class=\"wp-block-list\">\n<li>Desarrollo del Plan de Seguridad\/Plan de Crisis (pasos, recursos, contactos).<\/li>\n\n\n\n<li>Derivaci\u00f3n y coordinaci\u00f3n con los servicios de salud mental. T\u00e9cnicas de contenci\u00f3n emocional inmediata.<\/li>\n<\/ul>\n<\/li>\n\n\n\n<li>Posintervenci\u00f3n y apoyo a sobrevivientes del suicidio.\n<ul class=\"wp-block-list\">\n<li>Intervenci\u00f3n en crisis con familiares y personas allegadas tras un suicidio consumado. Abordaje del duelo complejo y el estigma asociado. Creaci\u00f3n de grupos de apoyo.<\/li>\n<\/ul>\n<\/li>\n\n\n\n<li>Casos Pr\u00e1cticos Integrales<\/li>\n<\/ul>\n\n\n\n<div class=\"wp-block-buttons is-layout-flex wp-block-buttons-is-layout-flex\"><\/div>\n\n\n\n<p>Para m\u00e1s informaci\u00f3n, ponte en contacto con nosotros: <\/p>\n\n\n\n<div class=\"wp-block-buttons is-layout-flex wp-block-buttons-is-layout-flex\">\n<div class=\"wp-block-button\"><a class=\"wp-block-button__link wp-element-button\" href=\"mailto:formacion@formacionentrabajosocial.es\">formacion@formacionentrabajosocial.es<\/a><\/div>\n<\/div>\n\n\n\n<p><\/p>\n","protected":false},"excerpt":{"rendered":"<p>Prevenci\u00f3n del suicidio y conductas autol\u00edticas Este Curso de Intervenci\u00f3n Psicosocial para la Prevenci\u00f3n del Suicidio y Conductas Autol\u00edticas para Trabajadores\/as Sociales, con una duraci\u00f3n total de 80 horas, ofrece una especializaci\u00f3n t\u00e9cnica esencial para abordar una de las realidades m\u00e1s complejas del entorno social actual. A trav\u00e9s de este programa, los profesionales adquirir\u00e1n las [&hellip;]<\/p>\n","protected":false},"author":1,"featured_media":0,"parent":0,"menu_order":0,"comment_status":"closed","ping_status":"open","template":"","meta":{"footnotes":""},"class_list":["post-2","page","type-page","status-publish","hentry"],"_links":{"self":[{"href":"https:\/\/formacionentrabajosocial.es\/index.php?rest_route=\/wp\/v2\/pages\/2","targetHints":{"allow":["GET"]}}],"collection":[{"href":"https:\/\/formacionentrabajosocial.es\/index.php?rest_route=\/wp\/v2\/pages"}],"about":[{"href":"https:\/\/formacionentrabajosocial.es\/index.php?rest_route=\/wp\/v2\/types\/page"}],"author":[{"embeddable":true,"href":"https:\/\/formacionentrabajosocial.es\/index.php?rest_route=\/wp\/v2\/users\/1"}],"replies":[{"embeddable":true,"href":"https:\/\/formacionentrabajosocial.es\/index.php?rest_route=%2Fwp%2Fv2%2Fcomments&post=2"}],"version-history":[{"count":7,"href":"https:\/\/formacionentrabajosocial.es\/index.php?rest_route=\/wp\/v2\/pages\/2\/revisions"}],"predecessor-version":[{"id":90,"href":"https:\/\/formacionentrabajosocial.es\/index.php?rest_route=\/wp\/v2\/pages\/2\/revisions\/90"}],"wp:attachment":[{"href":"https:\/\/formacionentrabajosocial.es\/index.php?rest_route=%2Fwp%2Fv2%2Fmedia&parent=2"}],"curies":[{"name":"wp","href":"https:\/\/api.w.org\/{rel}","templated":true}]}}