{"id":108,"date":"2026-04-12T20:55:48","date_gmt":"2026-04-12T20:55:48","guid":{"rendered":"https:\/\/formacionentrabajosocial.es\/?page_id=108"},"modified":"2026-04-12T21:18:50","modified_gmt":"2026-04-12T21:18:50","slug":"sobre-el-docente","status":"publish","type":"page","link":"https:\/\/formacionentrabajosocial.es\/?page_id=108","title":{"rendered":"Sobre el docente"},"content":{"rendered":"\n<div class=\"wp-block-media-text has-media-on-the-right is-stacked-on-mobile\" style=\"grid-template-columns:auto 29%\"><div class=\"wp-block-media-text__content\">\n<h2 class=\"wp-block-heading\">El doncente&#8230; <\/h2>\n\n\n\n<p><strong>Dimas David L\u00f3pez Esparrell<\/strong><br>Colegiado en Trabajo Social 26-02051<\/p>\n\n\n\n<p class=\"has-text-align-left\">Diplomado en Trabajo Social por la Universidad de Granada y M\u00e1ster Universitario en Trabajo Social, Estado del Bienestar y Metodolog\u00edas de Intervenci\u00f3n Social (UNED). Postgrado en Docencia de la pr\u00e1ctica profesional del Trabajo Social (Teesside University, Reino Unido), Certificado de Posgrado en Liderazgo y gesti\u00f3n para servicios de intervenci\u00f3n con personas Sin hogar (London South Bank University, Londres) y Especialista Universitario en Apoyo Psicosocial en Situaciones de Emergencia (Universidad de Valencia).<\/p>\n\n\n\n<p>Dimas L\u00f3pez ha realizado diferentes publicaciones en revistas cient\u00edficas sobre la materia como, por ejemplo, la revista Documentos de Trabajo Social (Colegio de Trabajo Social de M\u00e1laga) o TSDifusi\u00f3n (Colegio de Trabajo Social de M\u00e1laga). Tambi\u00e9n ha impartido cursos sobre emergencias y urgencias sociales de forma presencial y a distancia en diferentes instituciones, como, Colegio de Trabajo Social de M\u00e1laga, Colegio de Trabajo Social de Badajoz, Facultad de Trabajo Social de la Universidad de Granada o Colegio de Trabajo Social de C\u00e1diz.<\/p>\n<\/div><figure class=\"wp-block-media-text__media\"><img loading=\"lazy\" decoding=\"async\" width=\"718\" height=\"1024\" src=\"https:\/\/formacionentrabajosocial.es\/wp-content\/uploads\/2026\/04\/Heading-30.338-x-43.254-cm-718x1024.png\" alt=\"\" class=\"wp-image-109 size-full\" srcset=\"https:\/\/formacionentrabajosocial.es\/wp-content\/uploads\/2026\/04\/Heading-30.338-x-43.254-cm-718x1024.png 718w, https:\/\/formacionentrabajosocial.es\/wp-content\/uploads\/2026\/04\/Heading-30.338-x-43.254-cm-210x300.png 210w, https:\/\/formacionentrabajosocial.es\/wp-content\/uploads\/2026\/04\/Heading-30.338-x-43.254-cm-768x1095.png 768w, https:\/\/formacionentrabajosocial.es\/wp-content\/uploads\/2026\/04\/Heading-30.338-x-43.254-cm-1078x1536.png 1078w, https:\/\/formacionentrabajosocial.es\/wp-content\/uploads\/2026\/04\/Heading-30.338-x-43.254-cm.png 1403w\" sizes=\"auto, (max-width: 718px) 100vw, 718px\" \/><\/figure><\/div>\n\n\n\n<div class=\"wp-block-media-text is-stacked-on-mobile\" style=\"grid-template-columns:31% auto\"><figure class=\"wp-block-media-text__media\"><img loading=\"lazy\" decoding=\"async\" width=\"1024\" height=\"718\" src=\"https:\/\/formacionentrabajosocial.es\/wp-content\/uploads\/2026\/04\/Heading-12-1024x718.png\" alt=\"\" class=\"wp-image-110 size-full\" srcset=\"https:\/\/formacionentrabajosocial.es\/wp-content\/uploads\/2026\/04\/Heading-12-1024x718.png 1024w, https:\/\/formacionentrabajosocial.es\/wp-content\/uploads\/2026\/04\/Heading-12-300x210.png 300w, https:\/\/formacionentrabajosocial.es\/wp-content\/uploads\/2026\/04\/Heading-12-768x539.png 768w, https:\/\/formacionentrabajosocial.es\/wp-content\/uploads\/2026\/04\/Heading-12-1536x1078.png 1536w, https:\/\/formacionentrabajosocial.es\/wp-content\/uploads\/2026\/04\/Heading-12.png 2000w\" sizes=\"auto, (max-width: 1024px) 100vw, 1024px\" \/><\/figure><div class=\"wp-block-media-text__content\">\n<p>Dimas L\u00f3pez ha sido miembro de diferentes equipos de emergencias sociales en Espa\u00f1a, como por ejemplo, el Equipo de Respuesta Inmediata (ERIE) de AHI de Cruz Roja Espa\u00f1ola.<br><\/p>\n\n\n\n<p>Actualmente, trabaja como responsable nacional de los Servicios de Prevenci\u00f3n de una ONG que trabaja con las personas sin hogar en Inglaterra, donde trabaja con diferentes usuarios\/as que muestran conductas de suicidio y autolesi\u00f3n y desarrolla planes de prevenci\u00f3n y atenci\u00f3n para atender a personas sin hogar afectadas por situaciones de urgencia social. Su equipo trabaja con cerca de 200 personas cada a\u00f1o. <\/p>\n<\/div><\/div>\n\n\n\n<figure class=\"wp-block-pullquote\"><blockquote><p>Para contactar directamente con el docente, puedes escribirle a <\/p><cite><a href=\"mailto:dimas.lopez@formacionentrabajosocial.es\">dimas.lopez@formacionentrabajosocial.es<\/a><\/cite><\/blockquote><\/figure>\n","protected":false},"excerpt":{"rendered":"<p>El doncente&#8230; Dimas David L\u00f3pez EsparrellColegiado en Trabajo Social 26-02051 Diplomado en Trabajo Social por la Universidad de Granada y M\u00e1ster Universitario en Trabajo Social, Estado del Bienestar y Metodolog\u00edas de Intervenci\u00f3n Social (UNED). Postgrado en Docencia de la pr\u00e1ctica profesional del Trabajo Social (Teesside University, Reino Unido), Certificado de Posgrado en Liderazgo y gesti\u00f3n [&hellip;]<\/p>\n","protected":false},"author":1,"featured_media":0,"parent":0,"menu_order":0,"comment_status":"closed","ping_status":"closed","template":"","meta":{"footnotes":""},"class_list":["post-108","page","type-page","status-publish","hentry"],"_links":{"self":[{"href":"https:\/\/formacionentrabajosocial.es\/index.php?rest_route=\/wp\/v2\/pages\/108","targetHints":{"allow":["GET"]}}],"collection":[{"href":"https:\/\/formacionentrabajosocial.es\/index.php?rest_route=\/wp\/v2\/pages"}],"about":[{"href":"https:\/\/formacionentrabajosocial.es\/index.php?rest_route=\/wp\/v2\/types\/page"}],"author":[{"embeddable":true,"href":"https:\/\/formacionentrabajosocial.es\/index.php?rest_route=\/wp\/v2\/users\/1"}],"replies":[{"embeddable":true,"href":"https:\/\/formacionentrabajosocial.es\/index.php?rest_route=%2Fwp%2Fv2%2Fcomments&post=108"}],"version-history":[{"count":3,"href":"https:\/\/formacionentrabajosocial.es\/index.php?rest_route=\/wp\/v2\/pages\/108\/revisions"}],"predecessor-version":[{"id":117,"href":"https:\/\/formacionentrabajosocial.es\/index.php?rest_route=\/wp\/v2\/pages\/108\/revisions\/117"}],"wp:attachment":[{"href":"https:\/\/formacionentrabajosocial.es\/index.php?rest_route=%2Fwp%2Fv2%2Fmedia&parent=108"}],"curies":[{"name":"wp","href":"https:\/\/api.w.org\/{rel}","templated":true}]}}